{"id":2,"date":"2017-02-18T22:48:14","date_gmt":"2017-02-18T22:48:14","guid":{"rendered":"http:\/\/lucimartinez.com\/?page_id=2"},"modified":"2026-02-05T11:08:11","modified_gmt":"2026-02-05T11:08:11","slug":"sample-page","status":"publish","type":"page","link":"https:\/\/lucimartinez.com\/index.php\/sample-page\/","title":{"rendered":"BIO ESPA\u00d1OL"},"content":{"rendered":"<p><span style=\"color: #000000;\"><b>Luc\u00eda Mart\u00ednez Alonso. Vigo 1982\u00a0<\/b><\/span><\/p>\n<p><span style=\"color: #000000;\"><strong>Bater\u00eda, percusionista, improvisadora, compositora. Gesti\u00f3n cultural. Mam\u00e1.<\/strong><\/span><\/p>\n<p><span style=\"font-weight: 400; color: #000000;\"><strong>Profesora<\/strong> de bater\u00eda de jazz en el Conservatorio Superior de M\u00fasica de Sevilla.<\/span><\/p>\n<p><span style=\"font-weight: 400; color: #000000;\"><strong>Exploradora del jazz m\u00e1s libre y pr\u00f3diga compositora<\/strong>, la baterista Luc\u00eda Mart\u00ednez (Vigo, 1982) es esencialmente una artista cosmopolita que no se impone horizontes. Aunque el afecto por sus ra\u00edces portuarias y la reivindicaci\u00f3n del patrimonio popular siempre encuentran sitio en sus propuestas, no duda en incorporar todo tipo de sabores aparentemente dispares, ligados con naturalidad y ning\u00fan prejuicio.<\/span><\/p>\n<p><span style=\"font-weight: 400; color: #000000;\"><strong>Due\u00f1a de un lenguaje muy personal,<\/strong> su gran proyecci\u00f3n internacional le ha llevado a visitar numerosos festivales en todo el mundo presentando proyectos con diferentes formaciones y recibiendo extraordinarias cr\u00edticas.\u00a0<\/span><\/p>\n<p><span style=\"font-weight: 400; color: #000000;\"><strong>Su curiosidad en el aprendizaje<\/strong>, la llev\u00f3 a recorrer un camino largo en su formaci\u00f3n que todav\u00eda contin\u00faa, siempre en ese af\u00e1n de descubrir, a trav\u00e9s del estudio, caminos poco visitados. De este modo acab\u00f3 sus estudios de percusi\u00f3n cl\u00e1sica en Espa\u00f1a, sus estudios de jazz en la Universidad Polit\u00e9cnica de Oporto-Portugal, el M\u00e1ster en Bater\u00eda de jazz y Composici\u00f3n en la Universidad de las Artes de Berl\u00edn, el M\u00e1ster en M\u00fasica de Cine en la Filmuniversit\u00e4t Babelsberg Konrad Wolf adem\u00e1s del M\u00e1ster en investigaci\u00f3n musical en la Universidad Internacional de Valencia. Actualmente es alumna de Doctorado en la Universidad de Bellas Artes de la Universidad de Vigo.\u00a0<\/span><\/p>\n<p><span style=\"font-weight: 400; color: #000000;\"><strong>Su brillante formaci\u00f3n acad\u00e9mica<\/strong>, su car\u00e1cter emprendedor y de l\u00edder, la posiciona satisfactoriamente al frente de sus propios proyectos, no s\u00f3lo nacionales sino tambi\u00e9n a nivel internacional. Luc\u00eda es due\u00f1a de una inigualable t\u00e9cnica y sutileza a la hora de tocar, y pertenece a una extraordinaria generaci\u00f3n de innovadores m\u00fasicos de jazz europeos. Su estilo est\u00e1 influenciado por las ra\u00edces musicales de su Galicia natal, con los aires de contemporaneidad que le da su inter\u00e9s por la improvisaci\u00f3n y las m\u00fasicas de vanguardia europeas. Su actitud desenvuelta, inquieta y creativa confiere a sus composiciones e interpretaciones una fuerte personalidad, forjada gracias a su formaci\u00f3n cl\u00e1sica, as\u00ed como a diferentes \u00e1mbitos estil\u00edsticos y, sobre todo, a su car\u00e1cter abierto y progresista.\u00a0<\/span><\/p>\n<p><span style=\"font-weight: 400; color: #000000;\">Luc\u00eda nace en Vigo en 1982. A la edad de 9 a\u00f1os, comienza a estudiar percusi\u00f3n tradicional y zanfona, interes\u00e1ndose muy pronto por la percusi\u00f3n cl\u00e1sica, el jazz y la m\u00fasica coral.<\/span><\/p>\n<p><span style=\"font-weight: 400; color: #000000;\"><strong>Es l\u00edder<\/strong> de Luc\u00eda Mart\u00ednez Cuarteto, del quinteto Luc\u00eda Mart\u00ednez &amp; Azulcielo y el sexteto Luc\u00eda Mart\u00ednez &amp; The Fearless.\u00a0<\/span><\/p>\n<p><span style=\"color: #000000;\"><span style=\"font-weight: 400;\"><strong>Su producci\u00f3n discogr\u00e1fica<\/strong> tanto de l\u00edder como de <\/span><i><span style=\"font-weight: 400;\">side woman, <\/span><\/i><span style=\"font-weight: 400;\">se compone de docenas de discos en diferentes sellos discogr\u00e1ficos de prestigio nacional e internacional.<\/span><\/span><\/p>\n<p><span style=\"font-weight: 400; color: #000000;\">Todos los 4 \u00e1lbumes que Luc\u00eda ha editado como l\u00edder han sido nominados en los Premios de la M\u00fasica Independiente como Mejor \u00c1lbum de Jazz en Espa\u00f1a, siendo los 3 \u00faltimos finalistas. El primero, \u201cSo\u00f1os e Delirios\u201d, en 2009. El segundo, \u201cAzulcielo\u201d, -tambi\u00e9n como Mejor Artista- en 2012. El tercero, \u201cDe viento y de Sal\u201d, en 2014. El cuarto, \u201cLuc\u00eda Mart\u00ednez &amp; The Fearless\u201d, en 2020. Todos publicados con el sello discogr\u00e1fico Karonte\/NubaRecords. En el 2024 se editar\u00e1 el nuevo disco con su proyecto alem\u00e1n Luc\u00eda Mart\u00ednez &amp; The Fearless: Hope, tambi\u00e9n con Karonte\/ NubaRecords.<\/span><\/p>\n<p><span style=\"font-weight: 400; color: #000000;\">En el 2015 pone en marcha junto con Mario Burbano y Hebert Cruz el proyecto Pasoancho, con el cual edita \u201cDesalambrado\u201d, un \u00e1lbum a d\u00fao de Luc\u00eda Mart\u00ednez &amp; Agust\u00ed Fern\u00e1ndez, que tambi\u00e9n recibe extraordinarias cr\u00edticas a nivel internacional. Con Pasoancho, adem\u00e1s, realizan intervenciones en talleres de artistas como Francisco Leiro, y participan en el dise\u00f1o de instalaciones visuales-sonoras.<\/span><\/p>\n<p><span style=\"font-weight: 400; color: #000000;\"><strong>En Espa\u00f1a<\/strong>, Luc\u00eda est\u00e1 vinculada a diferentes proyectos como vibrafonista, percusionista o bater\u00eda, entre los que destacan el Projecto Mi\u00f1o liderado por el contrabajista Baldo Mart\u00ednez, el Trio MBM (Baldo Mart\u00ednez, Antonio Bravo, Luc\u00eda Mart\u00ednez), Josetxo Goia-Aribe: Hispania Fantastic, Pedro Cortejosa Proyecto Homo, el Quinteto de Juana Gait\u00e1n y su d\u00fao con el renombrado pianista Agust\u00ed Fern\u00e1ndez, con quien establece una profunda relaci\u00f3n art\u00edstica que les lleva a colaborar habitualmente en diferentes agrupaciones como el Gran Ensemble o en tr\u00edo con el contrabajista Barry Guy, con quien editan \u201cBosque de niebla\u201d 2021 para Fundacja Sluchaj, un prestigioso sello polaco de libre improvisaci\u00f3n. Ha grabado adem\u00e1s con la Clasijazz Valparaiso Big Band, 2021 y participa activamente en la escena andaluza de jazz.<\/span><\/p>\n<p><span style=\"color: #000000;\"><span style=\"font-weight: 400;\"><strong>En el \u00e1mbito internacional<\/strong>, especialmente en Alemania,\u00a0 Luc\u00eda compone m\u00fasica para cine, escribe para Big Band y toca junto con renombrados m\u00fasicos como Alexander von Schlippenbach, Conny Bauer, Daniel Erdmann o Christopher Dell. Forma parte del cuarteto \u201cAllemano, Hilbig, Mart\u00ednez, Wandermayer\u201d: Dead Leaf Butterfly con quien editan Ontmoeting (2023, Jazzwerksatt), del tr\u00edo \u201cGraupe, Erdmann, Mart\u00ednez\u201d, del quinteto del saxofonista Alexander Beierbach \u201cSweet Marie\u201d, del Tr\u00edo internacional de improvisaci\u00f3n con Uwe Oberg y Joe Fonda (Relight , 2019, Not Two Records).\u00a0 En Berl\u00edn, ha participado tambi\u00e9n en los grupos de Free-Jazz: Lighting jungle Junkies y The Levitation Trio, Sebastian Liedke Trio, Composers<\/span><span style=\"font-weight: 400;\">\u2019 <\/span><span style=\"font-weight: 400;\">Orchestra Berlin, Shotgun Chanber Trio, grabando y colaborando con innumerables formaciones de jazz y m\u00fasica improvisada. Ha compartido esceneraio adem\u00e1s con<\/span> <span style=\"font-weight: 400;\">Dave Samuels, Ed Saindon, Bil McHenry, Perico Sambeat,\u00a0 Jason Lidner, Alexis Cuadrado, Sasha Berliner, Alex Sipiagin entre otros muchos.<\/span><\/span><\/p>\n<p><span style=\"font-weight: 400; color: #000000;\"><strong>Ha participado<\/strong> en el Festival de Vitoria-Gasteiz, Festival de Jazz de Sapobla, S\u00fcdtirol Alto Adige Jazz Festival, Festival de Jazz de Madrid, Imaxinasons de Vigo,\u00a0 Festival de jazz de Madrid, Festival de Jazz de Lugo, La mar de M\u00fasicas, Festival de Vic, as\u00ed como Festival Tamborimba y Festival Ajazzgo en Colombia y un largo etc\u00e9tera de festivales nacionales e internacionales.<\/span><\/p>\n<p><span style=\"font-weight: 400; color: #000000;\"><strong>En el mundo del teatro<\/strong> ha colaborado en proyectos de la Neuk\u00f6llner Oper de Berl\u00edn, con directores de teatro musical moderno como el conocido Matthias Rebstock. Ha trabajado en producciones de creaci\u00f3n en danza y m\u00fasica como Geometr\u00eda de la experiencia, estrenada en noviembre del 2023 en el Teatro Principal de Sevilla, con la que obtuvo el Premio M\u00fasica en la edici\u00f3n XIII de los Premios Escenario de Sevilla en 2024. Actualmente trabaja en una producci\u00f3n de teatro que se estrenar\u00e1 en abril del 2025 en el Teatro Central de Sevilla: \u201cLa fiesta desde fuera\u201d de Lola Botello.<\/span><\/p>\n<p><span style=\"font-weight: 400; color: #000000;\"><strong>Ha grabado<\/strong> decenas de discos en el \u00e1mbito del jazz y de las m\u00fasicas del mundo. Adem\u00e1s de componer la m\u00fasica para proyectos como O Canto das Illas, para coro de ni\u00f1os y percusi\u00f3n.<\/span><\/p>\n<p><span style=\"color: #000000;\"><span style=\"font-weight: 400;\"><strong>Luc\u00eda tiene una amplia lista de composiciones<\/strong> musicales realizadas para radioteatro, cine documental y de ficci\u00f3n, entre las que se destacan la banda sonora de una versi\u00f3n in\u00e9dita en 8 mm del filme Nosferatu<\/span><b> \u2013 <\/b><span style=\"font-weight: 400;\">Eine Symphonie des Grauens<\/span> <span style=\"font-weight: 400;\">de Friedrich Wilhelm Murnau, editado por la Murnau Stiftung, y la de las pel\u00edculas SEA RAIDER (1931) y KREUZER EMDEN (D 1932)<\/span><b>,<\/b><span style=\"font-weight: 400;\"> editadas por el Filmmuseum Potsdam en 2014. As\u00ed mismo, la composici\u00f3n de la msica para el documental<\/span><a style=\"color: #000000;\" href=\"https:\/\/vimeo.com\/163751679\"> <span style=\"font-weight: 400;\">S\u00edsifo Confuso -Traballos e d\u00edas de Francisco Leiro <\/span><\/a><b>\u00a0<\/b><span style=\"font-weight: 400;\">del director gallego Aser \u00c1lvarez en 2016.\u00a0<\/span><\/span><\/p>\n<p><span style=\"color: #000000;\"><span style=\"font-weight: 400;\"><strong>Fuera del escenario<\/strong>, Mart\u00ednez tambi\u00e9n se dedica a la ense\u00f1anza y mentor\u00eda, compartiendo su pasi\u00f3n y conocimiento con futuros talentos del jazz. Su dedicaci\u00f3n a la m\u00fasica y su impacto en la comunidad la han convertido en una figura influyente en el mundo del jazz contempor\u00e1neo.<\/span><\/span><\/p>\n","protected":false},"excerpt":{"rendered":"<p>Luc\u00eda Mart\u00ednez Alonso. Vigo 1982\u00a0 Bater\u00eda, percusionista, improvisadora, compositora. Gesti\u00f3n cultural. Mam\u00e1. Profesora de bater\u00eda de jazz en el Conservatorio Superior de M\u00fasica de Sevilla. Exploradora del jazz m\u00e1s libre y pr\u00f3diga compositora, la baterista Luc\u00eda Mart\u00ednez (Vigo, 1982) es esencialmente una artista cosmopolita que no se impone horizontes. Aunque el afecto por sus ra\u00edces &hellip; <\/p>\n<p class=\"link-more\"><a href=\"https:\/\/lucimartinez.com\/index.php\/sample-page\/\" class=\"more-link\">Continuar leyendo<span class=\"screen-reader-text\"> \u00abBIO ESPA\u00d1OL\u00bb<\/span><\/a><\/p>\n","protected":false},"author":2,"featured_media":0,"parent":0,"menu_order":0,"comment_status":"closed","ping_status":"open","template":"","meta":{"_themeisle_gutenberg_block_has_review":false,"footnotes":""},"class_list":["post-2","page","type-page","status-publish","hentry"],"_links":{"self":[{"href":"https:\/\/lucimartinez.com\/index.php\/wp-json\/wp\/v2\/pages\/2","targetHints":{"allow":["GET"]}}],"collection":[{"href":"https:\/\/lucimartinez.com\/index.php\/wp-json\/wp\/v2\/pages"}],"about":[{"href":"https:\/\/lucimartinez.com\/index.php\/wp-json\/wp\/v2\/types\/page"}],"author":[{"embeddable":true,"href":"https:\/\/lucimartinez.com\/index.php\/wp-json\/wp\/v2\/users\/2"}],"replies":[{"embeddable":true,"href":"https:\/\/lucimartinez.com\/index.php\/wp-json\/wp\/v2\/comments?post=2"}],"version-history":[{"count":20,"href":"https:\/\/lucimartinez.com\/index.php\/wp-json\/wp\/v2\/pages\/2\/revisions"}],"predecessor-version":[{"id":2683,"href":"https:\/\/lucimartinez.com\/index.php\/wp-json\/wp\/v2\/pages\/2\/revisions\/2683"}],"wp:attachment":[{"href":"https:\/\/lucimartinez.com\/index.php\/wp-json\/wp\/v2\/media?parent=2"}],"curies":[{"name":"wp","href":"https:\/\/api.w.org\/{rel}","templated":true}]}}