{"id":230,"date":"2017-01-11T14:33:43","date_gmt":"2017-01-11T14:33:43","guid":{"rendered":"http:\/\/lucimartinez.com\/wordpress\/?page_id=230"},"modified":"2026-04-16T10:03:27","modified_gmt":"2026-04-16T10:03:27","slug":"230-2","status":"publish","type":"page","link":"https:\/\/lucimartinez.com\/index.php\/230-2\/","title":{"rendered":"Filmmusic"},"content":{"rendered":"<div class=\"vce-row-container\" data-vce-boxed-width=\"true\"><div class=\"vce-row vce-row--col-gap-30 vce-row-equal-height vce-row-content--top\" id=\"el-487091fd\" data-vce-do-apply=\"all el-487091fd\"><div class=\"vce-row-content\" data-vce-element-content=\"true\"><div class=\"vce-col vce-col--md-auto vce-col--xs-1 vce-col--xs-last vce-col--xs-first vce-col--sm-last vce-col--sm-first vce-col--md-last vce-col--lg-last vce-col--xl-last vce-col--md-first vce-col--lg-first vce-col--xl-first\" id=\"el-3f1b9ad2\"><div class=\"vce-col-inner\" data-vce-do-apply=\"border margin background  el-3f1b9ad2\"><div class=\"vce-col-content\" data-vce-element-content=\"true\" data-vce-do-apply=\"padding el-3f1b9ad2\"><div class=\"vce-text-block\"><div class=\"vce-text-block-wrapper vce\" id=\"el-247abb6c\" data-vce-do-apply=\"all el-247abb6c\"><p>Luc\u00eda tiene una amplia lista de composiciones musicales realizadas para radioteatro, cine documental y de ficci\u00f3n, entre las que se destacan la banda sonora de una versi\u00f3n in\u00e9dita en 8 mm del filme <strong>Nosferatu <\/strong><strong>\u2013 <\/strong><strong>Eine Symphonie des Grauens <\/strong>de Friedrich Wilhelm Murnau, editado por la Murnau Stiftung, y la de las pel\u00edculas <strong>SEA<\/strong><strong> RAIDER (1931) y KREUZER EMDEN (D 1932)<\/strong>, editadas por el Filmmuseum Potsdam en 2014. As\u00ed mismo, la composici\u00f3n de la m\u00fasica para el documental <strong><a class=\"_2wma\" href=\"https:\/\/vimeo.com\/163751679\">S\u00edsifo Confuso -Traballos e d\u00edas de Francisco Leiro&nbsp;<\/a> <\/strong>del director gallego Aser \u00c1lvarez en 2016.<\/p><\/div><\/div><\/div><\/div><\/div><\/div><\/div><\/div><div class=\"vce-row-container\" data-vce-boxed-width=\"true\"><div class=\"vce-row vce-row--col-gap-30 vce-row-equal-height vce-row-content--top\" id=\"el-f0702520\" data-vce-do-apply=\"all el-f0702520\"><div class=\"vce-row-content\" data-vce-element-content=\"true\"><div class=\"vce-col vce-col--md-52p vce-col--xs-1 vce-col--xs-last vce-col--xs-first vce-col--sm-last vce-col--sm-first vce-col--md-first vce-col--lg-first vce-col--xl-first\" id=\"el-2aeb900d\"><div class=\"vce-col-inner\" data-vce-do-apply=\"border margin background  el-2aeb900d\"><div class=\"vce-col-content\" data-vce-element-content=\"true\" data-vce-do-apply=\"padding el-2aeb900d\"><div class=\"vce-text-block\"><div class=\"vce-text-block-wrapper vce\" id=\"el-a5aa40cc\" data-vce-do-apply=\"all el-a5aa40cc\"><div>\n<p><noscript><\/p>\n<style>.vce-row-container .vcv-lozad {display: none}<\/style>\n<p><\/noscript><\/p>\n<\/div>\n<div>\n<div class=\"clearfix\">\n<div class=\"_1qkq _1qks\">\n<div id=\"pages_navigation\">\n<div id=\"u_0_6\" class=\"_2h0l\">\n<div class=\"_5ss7\" data-reactroot=\"\">\n<div class=\"_5ss8\">\n<div class=\"_2pi4\">\n<div class=\"_2phz _4-u2 _4-u8\">\n<div class=\"_qa1\" style=\"text-align: center;\"><img fetchpriority=\"high\" decoding=\"async\" class=\"aligncenter wp-image-8002\" src=\"..\/..\/wp-content\/uploads\/2026\/04\/sisifo.jpeg\" sizes=\"(max-width: 159px) 100vw, 159px\" srcset=\"https:\/\/lucimartinez.com\/wp-content\/uploads\/2026\/04\/sisifo.jpeg 1448w, https:\/\/lucimartinez.com\/wp-content\/uploads\/2026\/04\/sisifo-212x300.jpeg 212w, https:\/\/lucimartinez.com\/wp-content\/uploads\/2026\/04\/sisifo-724x1024.jpeg 724w, https:\/\/lucimartinez.com\/wp-content\/uploads\/2026\/04\/sisifo-768x1086.jpeg 768w, https:\/\/lucimartinez.com\/wp-content\/uploads\/2026\/04\/sisifo-1086x1536.jpeg 1086w, https:\/\/lucimartinez.com\/wp-content\/uploads\/2026\/04\/sisifo-320x453.jpeg 320w, https:\/\/lucimartinez.com\/wp-content\/uploads\/2026\/04\/sisifo-480x679.jpeg 480w, https:\/\/lucimartinez.com\/wp-content\/uploads\/2026\/04\/sisifo-800x1131.jpeg 800w\" alt=\"\" width=\"190\" height=\"269\"><\/div>\n<\/div>\n<\/div>\n<\/div>\n<\/div>\n<\/div>\n<\/div>\n<\/div>\n<\/div>\n<div id=\"id21\" class=\"style_SkipStroke shape-with-text\">\n<div class=\"text-content style_External_206_38\">\n<div class=\"style\">\n<p class=\"paragraph_style_1\" style=\"text-align: center;\">2016<br>S\u00edsifo Confuso.<br><a href=\"https:\/\/vimeo.com\/163751679\">Traballos e d\u00edas de Francisco Leiro<\/a><br>Aser \u00c1lvarez<\/p>\n<\/div>\n<\/div>\n<\/div>\n<p><img decoding=\"async\" class=\"aligncenter size-full wp-image-7907\" src=\"..\/..\/wp-content\/uploads\/2026\/04\/12510258_1021187161277297_5254013409627593126_n.jpeg\" alt=\"\" width=\"185\" height=\"259\"><\/p>\n<p style=\"text-align: center;\">2015<br>At the end of the world<br>Filmuniversit\u00e4t Babelsberg<br>Regie: Dieu Hao<\/p>\n<p><img decoding=\"async\" class=\"aligncenter wp-image-8309\" src=\"..\/..\/wp-content\/uploads\/2026\/04\/wohinmit.png\" sizes=\"(max-width: 272px) 100vw, 272px\" srcset=\"https:\/\/lucimartinez.com\/wp-content\/uploads\/2026\/04\/wohinmit.png 960w, https:\/\/lucimartinez.com\/wp-content\/uploads\/2026\/04\/wohinmit-300x169.png 300w, https:\/\/lucimartinez.com\/wp-content\/uploads\/2026\/04\/wohinmit-768x432.png 768w, https:\/\/lucimartinez.com\/wp-content\/uploads\/2026\/04\/wohinmit-320x180.png 320w, https:\/\/lucimartinez.com\/wp-content\/uploads\/2026\/04\/wohinmit-480x270.png 480w, https:\/\/lucimartinez.com\/wp-content\/uploads\/2026\/04\/wohinmit-800x450.png 800w\" alt=\"\" width=\"272\" height=\"153\"><\/p>\n<p style=\"text-align: center;\">2015<br>WOHIN MIT DER NUDEL<br>Anna Levinson -ohne Dialog- 2 Min.<\/p>\n<p style=\"text-align: center;\">&nbsp;<\/p>\n<p><img loading=\"lazy\" decoding=\"async\" class=\"aligncenter wp-image-7932\" src=\"..\/..\/wp-content\/uploads\/2026\/04\/dancing.jpeg\" sizes=\"(max-width: 226px) 100vw, 226px\" srcset=\"https:\/\/lucimartinez.com\/wp-content\/uploads\/2026\/04\/dancing.jpeg 720w, https:\/\/lucimartinez.com\/wp-content\/uploads\/2026\/04\/dancing-300x200.jpeg 300w, https:\/\/lucimartinez.com\/wp-content\/uploads\/2026\/04\/dancing-320x213.jpeg 320w, https:\/\/lucimartinez.com\/wp-content\/uploads\/2026\/04\/dancing-480x320.jpeg 480w\" alt=\"\" width=\"226\" height=\"151\"><\/p>\n<p style=\"text-align: center;\">2013<br>Dancing the Crisis<br>Ein Film von Caroline Schaper &amp; You-Kyung Byun<\/p>\n<p><img loading=\"lazy\" decoding=\"async\" class=\"aligncenter size-full wp-image-8306\" src=\"..\/..\/wp-content\/uploads\/2026\/04\/neisse-1.jpeg\" alt=\"\" width=\"259\" height=\"194\"><\/p>\n<p style=\"text-align: center;\">&nbsp;2013<br><a href=\"https:\/\/www.youtube.com\/watch?v=i8YPkdQygwU\">Neisse Filmfestival Trailer \"Feierabend\"<\/a><br>Regie: Jelde Flessner<\/p>\n<p style=\"text-align: center;\">2013<br>Lana und die Seele<br>H\u00f6rspiel RBB \/ Tatjana Scheel<\/p>\n<p style=\"text-align: center;\">2013<br>La Bella Confusione<br>H\u00f6rspiel RBB \/ Michaela Grouls<\/p>\n<p><img loading=\"lazy\" decoding=\"async\" class=\"aligncenter size-full wp-image-8305\" src=\"..\/..\/wp-content\/uploads\/2026\/04\/Mirco-1.jpeg\" alt=\"\" width=\"151\" height=\"215\"><\/p>\n<p style=\"text-align: center;\">2013<br>Mirco<br>Dokumentarfilm<br>Regie: Silvia Chiogna<\/p>\n<p style=\"text-align: center;\">2012<br>Authoaus Schultze. Kurzfilm<br>Regie: Hao Dieu<\/p>\n<p style=\"text-align: center;\">2010<br>So nah- so fern. 3D Kurzfilm<br>Regie: Kemal G\u00f6rg\u00fcl\u00fc<\/p>\n<p><img loading=\"lazy\" decoding=\"async\" class=\"aligncenter size-full wp-image-7909\" src=\"..\/..\/wp-content\/uploads\/2026\/04\/Balada.jpeg\" alt=\"\" width=\"247\" height=\"176\"><\/p>\n<p style=\"text-align: center;\">2010<br>Ballade f\u00fcr einen Mann und ein Klavier<br>Regie: Lucia Martinez &amp; Mario Burbano<\/p>\n<p><img loading=\"lazy\" decoding=\"async\" class=\"aligncenter wp-image-7910\" src=\"..\/..\/wp-content\/uploads\/2026\/04\/caminante.jpeg\" sizes=\"(max-width: 255px) 100vw, 255px\" srcset=\"https:\/\/lucimartinez.com\/wp-content\/uploads\/2026\/04\/caminante.jpeg 378w, https:\/\/lucimartinez.com\/wp-content\/uploads\/2026\/04\/caminante-300x214.jpeg 300w, https:\/\/lucimartinez.com\/wp-content\/uploads\/2026\/04\/caminante-320x229.jpeg 320w\" alt=\"\" width=\"241\" height=\"172\"><\/p>\n<p style=\"text-align: center;\">2010<br>Caminante, no hay camino. Dokumentarfilm<br>Staatliche Kunstsammlungen Dresden<br>Regie: Marina Caba Rall<\/p>\n<\/div>\n<div><a class=\"vcv-settings-badge\" href=\"https:\/\/visualcomposer.com\/?utm_source=vcwb&amp;utm_medium=vcbadge&amp;utm_campaign=info&amp;utm_content=createdwith-text&amp;utm_term=twentyseventeen\" target=\"_blank\" rel=\"noopener noreferrer\"><img decoding=\"async\" src=\"..\/..\/wp-content\/plugins\/visualcomposer\/visualcomposer\/resources\/images\/created-with-badge.svg\" alt=\"Created with Visual Composer\"><\/a><\/div><\/div><\/div><\/div><\/div><\/div><div class=\"vce-col vce-col--md-48p vce-col--xs-1 vce-col--xs-last vce-col--xs-first vce-col--sm-last vce-col--sm-first vce-col--md-last vce-col--lg-last vce-col--xl-last\" id=\"el-eadcfb93\"><div class=\"vce-col-inner\" data-vce-do-apply=\"border margin background  el-eadcfb93\"><div class=\"vce-col-content\" data-vce-element-content=\"true\" data-vce-do-apply=\"padding el-eadcfb93\"><div class=\"vce-text-block\"><div class=\"vce-text-block-wrapper vce\" id=\"el-9344bf80\" data-vce-do-apply=\"all el-9344bf80\"><div><p><noscript><\/p>\n<style>.vce-row-container .vcv-lozad {display: none}<\/style>\n<p><\/noscript><\/p><\/div><div><div><p><noscript><\/p>\n<style>.vce-row-container .vcv-lozad {display: none}<\/style>\n<p><\/noscript><\/p><\/div><div><div class=\"clearfix\"><div class=\"_1qkq _1qks\"><div id=\"pages_navigation\"><div id=\"u_0_6\" class=\"_2h0l\"><div class=\"_5ss7\" data-reactroot=\"\"><div class=\"_5ss8\"><div class=\"_2pi4\"><div class=\"_2phz _4-u2 _4-u8\">&nbsp;<\/div><\/div><\/div><\/div><\/div><\/div><\/div><\/div><p><img loading=\"lazy\" decoding=\"async\" class=\"aligncenter wp-image-7912\" src=\"..\/..\/wp-content\/uploads\/2026\/04\/cba_header_1920.jpeg\" sizes=\"(max-width: 262px) 100vw, 262px\" srcset=\"https:\/\/lucimartinez.com\/wp-content\/uploads\/2026\/04\/cba_header_1920.jpeg 1920w, https:\/\/lucimartinez.com\/wp-content\/uploads\/2026\/04\/cba_header_1920-300x169.jpeg 300w, https:\/\/lucimartinez.com\/wp-content\/uploads\/2026\/04\/cba_header_1920-1024x576.jpeg 1024w, https:\/\/lucimartinez.com\/wp-content\/uploads\/2026\/04\/cba_header_1920-768x432.jpeg 768w, https:\/\/lucimartinez.com\/wp-content\/uploads\/2026\/04\/cba_header_1920-1536x864.jpeg 1536w, https:\/\/lucimartinez.com\/wp-content\/uploads\/2026\/04\/cba_header_1920-320x180.jpeg 320w, https:\/\/lucimartinez.com\/wp-content\/uploads\/2026\/04\/cba_header_1920-480x270.jpeg 480w, https:\/\/lucimartinez.com\/wp-content\/uploads\/2026\/04\/cba_header_1920-800x450.jpeg 800w\" alt=\"\" width=\"262\" height=\"148\"><\/p><div id=\"id21\" class=\"style_SkipStroke shape-with-text\"><div class=\"text-content style_External_206_38\"><div class=\"style\"><p class=\"paragraph_style_1\" style=\"text-align: center;\">2015<br>We Are Cuba<br>Annett Ilijew<br>http:\/\/www.somos-cuba-film.com<\/p><p class=\"paragraph_style_1\" style=\"text-align: center;\">&nbsp;<\/p><\/div><\/div><\/div><p><img loading=\"lazy\" decoding=\"async\" class=\"aligncenter size-full wp-image-7904\" src=\"..\/..\/wp-content\/uploads\/2026\/04\/A-FADA-E-O-DRAGON2.jpeg\" alt=\"\" width=\"140\" height=\"198\"><\/p><p style=\"text-align: center;\">2015<br>A fada e o drag\u00f3n<br>Poetische Kurzfilm<br>Luc\u00eda Mart\u00ednez &amp; Mario Burbano<br>Pasoancho Productions<\/p><p><img loading=\"lazy\" decoding=\"async\" class=\"aligncenter size-full wp-image-8307\" src=\"..\/..\/wp-content\/uploads\/2026\/04\/nosferatu-1.jpeg\" alt=\"\" width=\"140\" height=\"198\"><\/p><p style=\"text-align: center;\">2014<br>Nosferatu<br>Regie: Friedrich Wilhelm Murnau 8mm Fassung mit Musik von Luc\u00eda Mart\u00ednez DVD Murnau Stiftung<\/p><p><img loading=\"lazy\" decoding=\"async\" class=\"aligncenter size-full wp-image-7958\" src=\"..\/..\/wp-content\/uploads\/2026\/04\/kreuzer.jpeg\" alt=\"\" width=\"172\" height=\"243\"><\/p><p style=\"text-align: center;\">2014<br>Kreuzer Emden<br>Label: absolut MEDIEN<br>Edition: Filmmuseum Potsdam, ARTE EDITION<\/p><p><img loading=\"lazy\" decoding=\"async\" class=\"aligncenter wp-image-8310\" src=\"..\/..\/wp-content\/uploads\/2026\/04\/die-leiden-1.jpeg\" alt=\"\" width=\"288\" height=\"103\"><\/p><p style=\"text-align: center;\">2014<br>Die Leiden des Drehbuchautors<br>Buch &amp; Regie: Katharina Ru\u00df<\/p><p style=\"text-align: center;\"><img loading=\"lazy\" decoding=\"async\" class=\"aligncenter wp-image-7956\" src=\"..\/..\/wp-content\/uploads\/2026\/04\/jacky.jpeg\" sizes=\"(max-width: 269px) 100vw, 269px\" srcset=\"https:\/\/lucimartinez.com\/wp-content\/uploads\/2026\/04\/jacky.jpeg 660w, https:\/\/lucimartinez.com\/wp-content\/uploads\/2026\/04\/jacky-300x128.jpeg 300w, https:\/\/lucimartinez.com\/wp-content\/uploads\/2026\/04\/jacky-320x136.jpeg 320w, https:\/\/lucimartinez.com\/wp-content\/uploads\/2026\/04\/jacky-480x204.jpeg 480w\" alt=\"\" width=\"269\" height=\"115\"><\/p><p style=\"text-align: center;\">2014<br>Jackie Boy.<br>Regie: Tatjana Scheel<\/p><p style=\"text-align: center;\"><img loading=\"lazy\" decoding=\"async\" class=\"aligncenter wp-image-8311\" src=\"..\/..\/wp-content\/uploads\/2026\/04\/Lucia_celuloide2-100x100-1.jpg\" alt=\"\" width=\"207\" height=\"207\"><\/p><p style=\"text-align: center;\">2014<br>Lange Nacht<br>H\u00f6rspiel-Visuelle Klang Kunst<br>Regie: Luc\u00eda Mart\u00ednez<\/p><p><img loading=\"lazy\" decoding=\"async\" class=\"aligncenter size-full wp-image-8308\" src=\"..\/..\/wp-content\/uploads\/2026\/04\/play-1.jpeg\" alt=\"\" width=\"231\" height=\"130\"><\/p><p style=\"text-align: center;\">2014<br>Play<br>Kurzfilm<br>Regie: Andrea Cazzaniga<\/p><p><img loading=\"lazy\" decoding=\"async\" class=\"aligncenter size-full wp-image-7947\" src=\"..\/..\/wp-content\/uploads\/2026\/04\/holandadelsol.jpeg\" alt=\"\" width=\"171\" height=\"243\"><\/p><p style=\"text-align: center;\">2013<br>Holanda del Sol<br>Dokumentarfilm<br>Regie: Florian Lampersberger, Daniel Abma<\/p><p><img loading=\"lazy\" decoding=\"async\" class=\"aligncenter size-full wp-image-7948\" src=\"..\/..\/wp-content\/uploads\/2026\/04\/ich-bin-hier.jpeg\" alt=\"\" width=\"241\" height=\"136\"><\/p><p style=\"text-align: center;\">2013<br>Ich bin hier<br>Ampelakiotou Produktion in Zusammenarbeit mit ZDF\/3sat<br>Musik: Wilhelm Stegmeier feat. Luc\u00eda Mart\u00ednez<\/p><\/div><div><a class=\"vcv-settings-badge\" href=\"https:\/\/visualcomposer.com\/?utm_source=vcwb&amp;utm_medium=vcbadge&amp;utm_campaign=info&amp;utm_content=createdwith-text&amp;utm_term=twentyseventeen\" target=\"_blank\" rel=\"noopener noreferrer\"><img decoding=\"async\" src=\"..\/..\/wp-content\/plugins\/visualcomposer\/visualcomposer\/resources\/images\/created-with-badge.svg\" alt=\"Created with Visual Composer\"><\/a><\/div><\/div><div><a class=\"vcv-settings-badge\" href=\"https:\/\/visualcomposer.com\/?utm_source=vcwb&amp;utm_medium=vcbadge&amp;utm_campaign=info&amp;utm_content=createdwith-text&amp;utm_term=twentyseventeen\" target=\"_blank\" rel=\"noopener noreferrer\"><img decoding=\"async\" src=\"..\/..\/wp-content\/plugins\/visualcomposer\/visualcomposer\/resources\/images\/created-with-badge.svg\" alt=\"Created with Visual Composer\"><\/a><\/div><\/div><\/div><\/div><\/div><\/div><\/div><\/div><\/div><div class=\"vce-row-container\" data-vce-boxed-width=\"true\"><div class=\"vce-row vce-row--col-gap-30 vce-row-equal-height vce-row-content--top\" id=\"el-8881deed\" data-vce-do-apply=\"all el-8881deed\"><div class=\"vce-content-background-container\"><\/div><div class=\"vce-row-content\" data-vce-element-content=\"true\"><div class=\"vce-col vce-col--md-auto vce-col--xs-1 vce-col--xs-last vce-col--xs-first vce-col--sm-last vce-col--sm-first vce-col--md-last vce-col--lg-last vce-col--xl-last vce-col--md-first vce-col--lg-first vce-col--xl-first\" id=\"el-28a7db12\"><div class=\"vce-col-inner\" data-vce-do-apply=\"border margin background  el-28a7db12\"><div class=\"vce-col-content\" data-vce-element-content=\"true\" data-vce-do-apply=\"padding el-28a7db12\"><div class=\"vcv-row-control-wrapper\"><\/div><\/div><\/div><\/div><\/div><\/div><\/div>","protected":false},"excerpt":{"rendered":"<p>Luc\u00eda tiene una amplia lista de composiciones musicales realizadas para radioteatro, cine documental y de ficci\u00f3n, entre las que se destacan la banda sonora de una versi\u00f3n in\u00e9dita en 8 mm del filme Nosferatu \u2013 Eine Symphonie des Grauens de Friedrich Wilhelm Murnau, editado por la Murnau Stiftung, y la de las pel\u00edculas SEA RAIDER &hellip; <\/p>\n<p class=\"link-more\"><a href=\"https:\/\/lucimartinez.com\/index.php\/230-2\/\" class=\"more-link\">Continuar leyendo<span class=\"screen-reader-text\"> \u00abFilmmusic\u00bb<\/span><\/a><\/p>\n","protected":false},"author":2,"featured_media":0,"parent":0,"menu_order":0,"comment_status":"closed","ping_status":"closed","template":"","meta":{"_themeisle_gutenberg_block_has_review":false,"footnotes":""},"class_list":["post-230","page","type-page","status-publish","hentry"],"_links":{"self":[{"href":"https:\/\/lucimartinez.com\/index.php\/wp-json\/wp\/v2\/pages\/230","targetHints":{"allow":["GET"]}}],"collection":[{"href":"https:\/\/lucimartinez.com\/index.php\/wp-json\/wp\/v2\/pages"}],"about":[{"href":"https:\/\/lucimartinez.com\/index.php\/wp-json\/wp\/v2\/types\/page"}],"author":[{"embeddable":true,"href":"https:\/\/lucimartinez.com\/index.php\/wp-json\/wp\/v2\/users\/2"}],"replies":[{"embeddable":true,"href":"https:\/\/lucimartinez.com\/index.php\/wp-json\/wp\/v2\/comments?post=230"}],"version-history":[{"count":14,"href":"https:\/\/lucimartinez.com\/index.php\/wp-json\/wp\/v2\/pages\/230\/revisions"}],"predecessor-version":[{"id":8312,"href":"https:\/\/lucimartinez.com\/index.php\/wp-json\/wp\/v2\/pages\/230\/revisions\/8312"}],"wp:attachment":[{"href":"https:\/\/lucimartinez.com\/index.php\/wp-json\/wp\/v2\/media?parent=230"}],"curies":[{"name":"wp","href":"https:\/\/api.w.org\/{rel}","templated":true}]}}