{"id":401,"date":"2017-01-18T16:07:34","date_gmt":"2017-01-18T16:07:34","guid":{"rendered":"http:\/\/lucimartinez.com\/wordpress\/?page_id=401"},"modified":"2026-04-12T09:59:33","modified_gmt":"2026-04-12T09:59:33","slug":"projects","status":"publish","type":"page","link":"https:\/\/lucimartinez.com\/index.php\/projects\/","title":{"rendered":"Projects"},"content":{"rendered":"\t\t<div data-elementor-type=\"wp-page\" data-elementor-id=\"401\" class=\"elementor elementor-401\">\n\t\t\t\t<div class=\"elementor-element elementor-element-713e75d2 e-flex e-con-boxed e-con e-parent\" data-id=\"713e75d2\" data-element_type=\"container\" data-e-type=\"container\">\n\t\t\t\t\t<div class=\"e-con-inner\">\n\t\t\t\t<div class=\"elementor-element elementor-element-d4304ea elementor-drop-cap-yes elementor-drop-cap-view-default elementor-widget elementor-widget-text-editor\" data-id=\"d4304ea\" data-element_type=\"widget\" data-e-type=\"widget\" data-settings=\"{&quot;drop_cap&quot;:&quot;yes&quot;}\" data-widget_type=\"text-editor.default\">\n\t\t\t\t\t\t\t\t\t<figure><a href=\"https:\/\/lucimartinez.com\/index.php\/bio-2\/cover_desalambraado-2\/\" rel=\"attachment wp-att-1541\"><img fetchpriority=\"high\" decoding=\"async\" class=\"aligncenter wp-image-7921\" src=\"https:\/\/lucimartinez.com\/wp-content\/uploads\/2026\/04\/cover_desalambraado-300x300.jpeg\" alt=\"\" width=\"545\" height=\"545\" srcset=\"https:\/\/lucimartinez.com\/wp-content\/uploads\/2026\/04\/cover_desalambraado-300x300.jpeg 300w, https:\/\/lucimartinez.com\/wp-content\/uploads\/2026\/04\/cover_desalambraado-150x150.jpeg 150w, https:\/\/lucimartinez.com\/wp-content\/uploads\/2026\/04\/cover_desalambraado-320x320.jpeg 320w, https:\/\/lucimartinez.com\/wp-content\/uploads\/2026\/04\/cover_desalambraado-100x100.jpeg 100w, https:\/\/lucimartinez.com\/wp-content\/uploads\/2026\/04\/cover_desalambraado.jpeg 350w\" sizes=\"(max-width: 545px) 100vw, 545px\" \/><\/a><\/figure>\n<h1 style=\"text-align: center;\"><span style=\"color: #99cc00;\"><strong>DESALAMBRADO<\/strong><\/span><\/h1>\n<figure class=\"wp-block-gallery aligncenter has-nested-images columns-default is-cropped\">\n<p><!-- \/wp:image --><\/p>\n<\/figure>\n<p><!-- \/wp:gallery --><!-- wp:paragraph --><\/p>\n<p><img decoding=\"async\" class=\"aligncenter wp-image-7989\" src=\"https:\/\/lucimartinez.com\/wp-content\/uploads\/2026\/04\/LuciaAgusti_1-2000x1200-1-300x180.jpg\" alt=\"\" width=\"622\" height=\"373\" srcset=\"https:\/\/lucimartinez.com\/wp-content\/uploads\/2026\/04\/LuciaAgusti_1-2000x1200-1-300x180.jpg 300w, https:\/\/lucimartinez.com\/wp-content\/uploads\/2026\/04\/LuciaAgusti_1-2000x1200-1-1024x614.jpg 1024w, https:\/\/lucimartinez.com\/wp-content\/uploads\/2026\/04\/LuciaAgusti_1-2000x1200-1-768x461.jpg 768w, https:\/\/lucimartinez.com\/wp-content\/uploads\/2026\/04\/LuciaAgusti_1-2000x1200-1-1536x922.jpg 1536w, https:\/\/lucimartinez.com\/wp-content\/uploads\/2026\/04\/LuciaAgusti_1-2000x1200-1-320x192.jpg 320w, https:\/\/lucimartinez.com\/wp-content\/uploads\/2026\/04\/LuciaAgusti_1-2000x1200-1-480x288.jpg 480w, https:\/\/lucimartinez.com\/wp-content\/uploads\/2026\/04\/LuciaAgusti_1-2000x1200-1-800x480.jpg 800w, https:\/\/lucimartinez.com\/wp-content\/uploads\/2026\/04\/LuciaAgusti_1-2000x1200-1.jpg 2000w\" sizes=\"(max-width: 622px) 100vw, 622px\" \/><\/p>\n<p><!-- \/wp:paragraph --><!-- wp:html --><\/p>\n<div>\n<p style=\"text-align: center;\"><em>Luc\u00eda Mart\u00ednez\u00a0 y Agust\u00ed Fern\u00e1ndez<\/em><br \/><em> con alma y sin temblor en el paisaje musical de la improvisaci\u00f3n<\/em><\/p>\n<p>DESALAMBRADO nace una ma\u00f1ana fr\u00eda pero soleada en febrero de 2014 en Infinity EStudios de Madrid de la mano y los pies de Luc\u00eda Mart\u00ednez en la bater\u00eda y la percusi\u00f3n y Agust\u00ed Fern\u00e1ndez en el piano libre o intervenido, ambos entregados a la libre improvisaci\u00f3n.<\/p>\n<p>DESALAMBRADO, un disco sin fronteras, abierto al riesgo y con mucha fantas\u00eda, que a\u00fana dos artistas de generaciones diferentes pero con similares objetivos. Un trabajo musical lleno de vida, delicado pero a la vez complejo y sofisticado.<\/p>\n<p>DESALAMBRADO, un directo que sorprende por la conexi\u00f3n de sus m\u00fasicos y por los mundos sonoros que visitan.<\/p>\n<p>LUC\u00cdA Y AGUST\u00cd, dos fuertes personalidades que asaltan el escenario y no dejan indiferentes al que los escucha.<\/p>\n<p>DESALAMBRADO, editado por Pasoancho Productions,\u00a0 con la participaci\u00f3n art\u00edstica y el trabajo visual de Hebert Cruz y Mario Burbano, hecho a mano, ecol\u00f3gico, 100% reciclable acorde a la idea y la esencia de estas m\u00fasicas de vanguardia.<\/p>\n<\/div>\n<p><!-- \/wp:html --><!-- wp:heading {\"textAlign\":\"center\",\"level\":1} --><\/p>\n<figure><a href=\"https:\/\/lucimartinez.com\/index.php\/bio-2\/cuarteto11-2\/\" rel=\"attachment wp-att-1545\"><img decoding=\"async\" class=\"aligncenter size-full wp-image-1545\" style=\"width: 1000px;\" src=\"https:\/\/lucimartinez.com\/wp-content\/uploads\/2017\/01\/Cuarteto11.jpeg\" alt=\"\" \/><\/a><\/figure>\n<p><!-- \/wp:heading --><!-- wp:heading {\"textAlign\":\"center\",\"level\":1,\"align\":\"center\"} --><\/p>\n<hr \/><hr \/><hr \/>\n<h1 class=\"wp-block-heading has-text-align-center\"><strong><img decoding=\"async\" class=\"aligncenter  wp-image-7980\" src=\"https:\/\/lucimartinez.com\/wp-content\/uploads\/2026\/04\/Lucia2-300x226.jpeg\" alt=\"\" width=\"558\" height=\"420\" srcset=\"https:\/\/lucimartinez.com\/wp-content\/uploads\/2026\/04\/Lucia2-300x226.jpeg 300w, https:\/\/lucimartinez.com\/wp-content\/uploads\/2026\/04\/Lucia2-320x241.jpeg 320w, https:\/\/lucimartinez.com\/wp-content\/uploads\/2026\/04\/Lucia2.jpeg 337w\" sizes=\"(max-width: 558px) 100vw, 558px\" \/><\/strong><\/h1>\n<h1 class=\"wp-block-heading has-text-align-center\" style=\"text-align: center;\"><span style=\"color: #99cc00;\"><strong>LUC\u00cdA MART\u00cdNEZ CUARTETO<\/strong><\/span><\/h1>\n<p><!-- \/wp:heading --><!-- wp:image {\"id\":1542,\"linkDestination\":\"custom\",\"align\":\"center\"} --><\/p>\n<figure class=\"wp-block-image aligncenter\"><a href=\"https:\/\/lucimartinez.com\/index.php\/bio-2\/cover_devientoydesal-2\/\" rel=\"attachment wp-att-1542\"><img decoding=\"async\" class=\"wp-image-1542\" src=\"https:\/\/lucimartinez.com\/wp-content\/uploads\/2017\/01\/cover_devientoydesal.jpeg\" alt=\"\" \/><img loading=\"lazy\" decoding=\"async\" class=\"aligncenter  wp-image-7927\" src=\"https:\/\/lucimartinez.com\/wp-content\/uploads\/2026\/04\/Cuarteto11-300x193.jpeg\" alt=\"\" width=\"549\" height=\"353\" srcset=\"https:\/\/lucimartinez.com\/wp-content\/uploads\/2026\/04\/Cuarteto11-300x193.jpeg 300w, https:\/\/lucimartinez.com\/wp-content\/uploads\/2026\/04\/Cuarteto11-320x206.jpeg 320w, https:\/\/lucimartinez.com\/wp-content\/uploads\/2026\/04\/Cuarteto11.jpeg 445w\" sizes=\"(max-width: 549px) 100vw, 549px\" \/><\/a><\/figure>\n<p><!-- \/wp:image --><!-- wp:paragraph --><\/p>\n<p><!-- \/wp:paragraph --><!-- wp:paragraph {\"align\":\"center\"} --><\/p>\n<p class=\"has-text-align-center\">Tras 10 a\u00f1os de vida musical<br \/>Luc\u00eda Mart\u00ednez Cuarteto\u201c publica su segundo trabajo discogr\u00e1fico<br \/><strong>\u201eDe viento y de sal\u201c<\/strong><em>.<\/em><\/p>\n<p><!-- \/wp:paragraph --><!-- wp:paragraph {\"className\":\"paragraph_style_2\"} --><\/p>\n<p class=\"paragraph_style_2\"><span class=\"style_1\">Luc\u00eda Mart\u00ednez Cuarteto<\/span> es un proyecto liderado por la viguesa <span class=\"style_1\">Luc\u00eda Mart\u00ednez<\/span> (bater\u00eda, percusi\u00f3n y composici\u00f3n), respaldado por <span class=\"style_1\">Jo\u00e3o Pedro Brand\u00e3o<\/span> (saxo alto y flauta travesera), <span class=\"style_1\">Pedro Neves<\/span> (piano) y <span class=\"style_1\">Carl Minnemann<\/span> (contrabajo).<\/p>\n<p><!-- \/wp:paragraph --><!-- wp:paragraph {\"className\":\"paragraph_style_2\"} --><\/p>\n<p class=\"paragraph_style_2\">Su primer \u00e1lbum <span class=\"style_1\">So\u00f1os e Delirios<\/span> fue publicado en 2009 por el sello Karonte\/Nuba Records y cont\u00f3 con la participaci\u00f3n de la cantante portuguesa <span class=\"style_1\">Maria Jo\u00e3o <\/span>y el saxofonista espa\u00f1ol<span class=\"style_1\"> Perico Sambeat<\/span>, siendo nominado como Mejor disco de Jazz en los Premios de la M\u00fasica Independiente en Espa\u00f1a.<\/p>\n<p><!-- \/wp:paragraph --><!-- wp:paragraph {\"className\":\"paragraph_style_2\"} --><\/p>\n<p class=\"paragraph_style_2\"><span class=\"style_1\">Luc\u00eda Mart\u00ednez Cuarteto<\/span> es un proyecto influenciado por la m\u00fasica folk de Galicia, la m\u00fasica cl\u00e1sica, el flamenco y la m\u00fasica del Mediterr\u00e1neo, as\u00ed como por la nueva m\u00fasica de vanguardia europea. El grupo ha estado presente en festivales nacionales e internacionales y ha recibido fabulosas cr\u00edticas, que califican el proyecto como una propuesta interesante y s\u00f3lida, abierta no s\u00f3lo a escenarios de jazz sino tambi\u00e9n a otros c\u00edrculos de m\u00fasica de c\u00e1mara o nuevas m\u00fasicas.<\/p>\n<p><!-- \/wp:paragraph --><!-- wp:paragraph {\"className\":\"paragraph_style_2\"} --><\/p>\n<p class=\"paragraph_style_2\">Su nuevo trabajo discogr\u00e1fico <span class=\"style_1\">De viento y de sal<\/span> es una traves\u00eda musical que suelta amarras en la exuberante Costa Pac\u00edfica colombiana, atraviesa el mar Mediterr\u00e1neo y atraca cargada de historias en Vigo, su destino, aunada con el toque requerido y la nota delicada de nostalgia y romanticismo. El \u00e1lbum sale a la luz en 2014 editado por Karonte\/Nuba Records, con la participaci\u00f3n del cantautor cubano <span class=\"style_1\">P\u00e1vel Urquiza<\/span>.<\/p>\n<p><!-- \/wp:paragraph --><!-- wp:paragraph {\"className\":\"paragraph_style\"} --><\/p>\n<p class=\"paragraph_style\"><span class=\"style_2\">Pedro Neves:<\/span> piano\u00a0 \u00a0 \u00a0<br \/>Jo\u00e3o Pedro Brand\u00e3o: alt sax and transverse flute<br \/><span class=\"style_3\">Carl Minnemann<\/span>: double bass\u00a0 \u00a0 \u00a0 \u00a0 \u00a0 \u00a0 \u00a0 \u00a0 \u00a0 \u00a0 \u00a0 \u00a0 \u00a0 \u00a0 \u00a0 \u00a0 \u00a0 \u00a0 \u00a0<br \/>Lucia<span class=\"style_3\"> Martinez<\/span>: drums, percussion, composition<\/p>\n<p><!-- \/wp:paragraph --><!-- wp:separator --><\/p>\n<hr \/><hr \/><hr class=\"wp-block-separator has-alpha-channel-opacity\" \/>\n<p><!-- \/wp:separator --><!-- wp:image {\"id\":1861,\"linkDestination\":\"custom\",\"align\":\"center\"} --><\/p>\n<h1 class=\"wp-block-image aligncenter\" style=\"text-align: center;\"><a href=\"https:\/\/lucimartinez.com\/index.php\/inicio\/img_7163-kopie\/\" rel=\"attachment wp-att-1861\"><img loading=\"lazy\" decoding=\"async\" class=\"wp-image-2564 alignnone\" src=\"https:\/\/lucimartinez.com\/wp-content\/uploads\/2026\/02\/Foto-Portada-HOPE-medios-digitales.jpg\" alt=\"\" width=\"536\" height=\"536\" srcset=\"https:\/\/lucimartinez.com\/wp-content\/uploads\/2026\/02\/Foto-Portada-HOPE-medios-digitales.jpg 3000w, https:\/\/lucimartinez.com\/wp-content\/uploads\/2026\/02\/Foto-Portada-HOPE-medios-digitales-150x150.jpg 150w, https:\/\/lucimartinez.com\/wp-content\/uploads\/2026\/02\/Foto-Portada-HOPE-medios-digitales-300x300.jpg 300w, https:\/\/lucimartinez.com\/wp-content\/uploads\/2026\/02\/Foto-Portada-HOPE-medios-digitales-768x768.jpg 768w, https:\/\/lucimartinez.com\/wp-content\/uploads\/2026\/02\/Foto-Portada-HOPE-medios-digitales-1024x1024.jpg 1024w, https:\/\/lucimartinez.com\/wp-content\/uploads\/2026\/02\/Foto-Portada-HOPE-medios-digitales-100x100.jpg 100w\" sizes=\"(max-width: 536px) 100vw, 536px\" \/><img decoding=\"async\" class=\"wp-image-1861\" src=\"https:\/\/lucimartinez.com\/wp-content\/uploads\/2018\/12\/IMG_7163-Kopie.jpg\" alt=\"\" \/><\/a><\/h1>\n<p><!-- \/wp:image --><!-- wp:paragraph {\"className\":\"paragraph_style\"} --><\/p>\n<p><!-- \/wp:paragraph --><!-- wp:heading {\"textAlign\":\"center\",\"level\":1,\"align\":\"center\"} --><\/p>\n<p><!-- \/wp:heading --><!-- wp:image {\"id\":2392,\"width\":\"390px\",\"height\":\"auto\",\"sizeSlug\":\"medium\",\"linkDestination\":\"custom\",\"align\":\"center\"} --><\/p>\n<p><!-- \/wp:image --><!-- wp:image {\"id\":2564,\"width\":\"392px\",\"height\":\"auto\",\"sizeSlug\":\"medium\",\"linkDestination\":\"custom\",\"align\":\"center\"} --><\/p>\n<figure class=\"wp-block-image aligncenter size-medium is-resized\"><\/figure>\n<p><!-- \/wp:image --><!-- wp:paragraph --><\/p>\n<p><!-- \/wp:paragraph --><!-- wp:html --><\/p>\n<div class=\"text-content style_External_516_159\">\n<div class=\"style\"><img loading=\"lazy\" decoding=\"async\" class=\"wp-image-7861 aligncenter\" src=\"https:\/\/lucimartinez.com\/wp-content\/uploads\/2026\/04\/PORTADA-LUCIA-MARTINEZ-THE-FEARLESS-768x697-1-300x272.jpg\" alt=\"\" width=\"541\" height=\"491\" srcset=\"https:\/\/lucimartinez.com\/wp-content\/uploads\/2026\/04\/PORTADA-LUCIA-MARTINEZ-THE-FEARLESS-768x697-1-300x272.jpg 300w, https:\/\/lucimartinez.com\/wp-content\/uploads\/2026\/04\/PORTADA-LUCIA-MARTINEZ-THE-FEARLESS-768x697-1-320x290.jpg 320w, https:\/\/lucimartinez.com\/wp-content\/uploads\/2026\/04\/PORTADA-LUCIA-MARTINEZ-THE-FEARLESS-768x697-1-480x436.jpg 480w, https:\/\/lucimartinez.com\/wp-content\/uploads\/2026\/04\/PORTADA-LUCIA-MARTINEZ-THE-FEARLESS-768x697-1.jpg 768w\" sizes=\"(max-width: 541px) 100vw, 541px\" \/>\n<h1 class=\"wp-block-image aligncenter\" style=\"text-align: center;\"><span style=\"color: #99cc00;\"><strong>LUC\u00cdA MART\u00cdNEZ &amp; THE FEARLESS<\/strong><\/span><\/h1>\n<p><img loading=\"lazy\" decoding=\"async\" class=\"wp-image-7899 aligncenter\" src=\"https:\/\/lucimartinez.com\/wp-content\/uploads\/2026\/04\/IMG_7163-Kopie-768x512-1-300x200.jpg\" alt=\"\" width=\"566\" height=\"377\" srcset=\"https:\/\/lucimartinez.com\/wp-content\/uploads\/2026\/04\/IMG_7163-Kopie-768x512-1-300x200.jpg 300w, https:\/\/lucimartinez.com\/wp-content\/uploads\/2026\/04\/IMG_7163-Kopie-768x512-1-320x213.jpg 320w, https:\/\/lucimartinez.com\/wp-content\/uploads\/2026\/04\/IMG_7163-Kopie-768x512-1-480x320.jpg 480w, https:\/\/lucimartinez.com\/wp-content\/uploads\/2026\/04\/IMG_7163-Kopie-768x512-1.jpg 768w\" sizes=\"(max-width: 566px) 100vw, 566px\" \/><\/p>\n<p style=\"text-align: left;\">Luc\u00eda Mart\u00ednez: composici\u00f3n y bater\u00eda<br \/>Ronny Grauppe: guitarra<br \/>Benjamin Weidekamp: clarinete bajo<br \/>Marcel Kroemker: contrabajo<br \/>Morris Kliphuis: trompa, corneta y electr\u00f3nica<br \/>DJ Illvibe: turntables<\/p>\n<hr \/><hr \/><hr \/><\/div>\n<\/div>\n<p><!-- \/wp:html --><!-- wp:image {\"id\":1550,\"width\":\"660px\",\"height\":\"auto\",\"sizeSlug\":\"full\",\"linkDestination\":\"none\",\"align\":\"center\"} --><\/p>\n<figure class=\"wp-block-image aligncenter size-full is-resized\"><img decoding=\"async\" class=\"wp-image-1550\" style=\"width: 660px; height: auto;\" src=\"https:\/\/lucimartinez.com\/wp-content\/uploads\/2017\/01\/droppedImage.jpeg\" alt=\"\" \/><img loading=\"lazy\" decoding=\"async\" class=\"aligncenter  wp-image-7925\" src=\"https:\/\/lucimartinez.com\/wp-content\/uploads\/2026\/04\/cover_TrioMBM-300x298.jpeg\" alt=\"\" width=\"557\" height=\"554\" srcset=\"https:\/\/lucimartinez.com\/wp-content\/uploads\/2026\/04\/cover_TrioMBM-300x298.jpeg 300w, https:\/\/lucimartinez.com\/wp-content\/uploads\/2026\/04\/cover_TrioMBM-150x150.jpeg 150w, https:\/\/lucimartinez.com\/wp-content\/uploads\/2026\/04\/cover_TrioMBM-320x318.jpeg 320w, https:\/\/lucimartinez.com\/wp-content\/uploads\/2026\/04\/cover_TrioMBM-100x100.jpeg 100w, https:\/\/lucimartinez.com\/wp-content\/uploads\/2026\/04\/cover_TrioMBM.jpeg 350w\" sizes=\"(max-width: 557px) 100vw, 557px\" \/><\/figure>\n<p><!-- \/wp:image --><!-- wp:paragraph {\"align\":\"center\",\"style\":{\"typography\":{\"fontSize\":\"29px\"}}} --><\/p>\n<h1 class=\"has-text-align-center\" style=\"font-size: 29px; text-align: center;\"><span style=\"color: #99cc00;\"><strong>MBM TRIO<\/strong><\/span><\/h1>\n<p><!-- \/wp:paragraph --><!-- wp:heading {\"textAlign\":\"center\",\"level\":1} --><\/p>\n<figure><\/figure>\n<p><img loading=\"lazy\" decoding=\"async\" class=\"aligncenter  wp-image-7940\" src=\"https:\/\/lucimartinez.com\/wp-content\/uploads\/2026\/04\/droppedImage-300x225.jpeg\" alt=\"\" width=\"547\" height=\"410\" srcset=\"https:\/\/lucimartinez.com\/wp-content\/uploads\/2026\/04\/droppedImage-300x225.jpeg 300w, https:\/\/lucimartinez.com\/wp-content\/uploads\/2026\/04\/droppedImage-320x240.jpeg 320w, https:\/\/lucimartinez.com\/wp-content\/uploads\/2026\/04\/droppedImage.jpeg 446w\" sizes=\"(max-width: 547px) 100vw, 547px\" \/><\/p>\n<p><!-- \/wp:heading --><!-- wp:paragraph {\"className\":\"paragraph_style\"} --><\/p>\n<p class=\"paragraph_style\">El tr\u00edo Mart\u00ednez-Bravo-Mart\u00ednez se form\u00f3 en el a\u00f1o 2009, aunque los tres ya han colaborado y grabado en distintas formaciones anteriormente sobre todo en el \u00e1mbito del Jazz. Todos son m\u00fasicos de reconocido prestigio, directores de sus propios proyectos con una amplia discograf\u00eda llevando su m\u00fasica por festivales de todo el mundo, entre otros: Par\u00eds, Berl\u00edn, M\u00fanich, T\u00e1nger, Roma, Varsovia y Estocolmo.<\/p>\n<p><!-- \/wp:paragraph --><!-- wp:paragraph {\"className\":\"paragraph_style\"} --><\/p>\n<p class=\"paragraph_style\">En esta ocasi\u00f3n presentan un repertorio formado por composiciones de los tres enmarcado estil\u00edsticamente dentro del Jazz europeo. El objetivo es explorar diversas facetas dentro de la improvisaci\u00f3n, que van desde marcos con cierta densidad arm\u00f3nica y r\u00edtmica hasta campos m\u00e1s cercanos al free Jazz e incursiones en la libre improvisaci\u00f3n. La forma de trabajar del grupo se aleja del cl\u00e1sico tr\u00edo de Jazz con solista y secci\u00f3n r\u00edtmica acompa\u00f1ante apostando en este caso por un contrapunto de los tres instrumentos con un claro objetivo com\u00fan. El resultado es un repertorio coherente y al mismo tiempo heterog\u00e9neo donde el factor sorpresa esta siempre presente. Una mirada al Jazz europeo pero sin intenci\u00f3n de dar la espalda a las formas m\u00e1s cl\u00e1sicas que tambi\u00e9n tienen su espacio en el repertorio.<\/p>\n<p><!-- \/wp:paragraph --><!-- wp:paragraph --><\/p>\n<p>Antonio Bravo: guitar<br \/>Baldo Martinez: double bass<br \/>Lucia Martinez: drums and percussion<\/p>\n<p><!-- \/wp:paragraph --><!-- wp:separator --><\/p>\n<hr \/><hr \/><hr class=\"wp-block-separator has-alpha-channel-opacity\" \/>\n<p><!-- \/wp:separator --><!-- wp:heading {\"textAlign\":\"center\",\"level\":1} --><\/p>\n<figure><\/figure>\n<p><img loading=\"lazy\" decoding=\"async\" class=\"aligncenter  wp-image-7920\" src=\"https:\/\/lucimartinez.com\/wp-content\/uploads\/2026\/04\/cover_azulcielo-300x268.jpeg\" alt=\"\" width=\"541\" height=\"483\" srcset=\"https:\/\/lucimartinez.com\/wp-content\/uploads\/2026\/04\/cover_azulcielo-300x268.jpeg 300w, https:\/\/lucimartinez.com\/wp-content\/uploads\/2026\/04\/cover_azulcielo-320x286.jpeg 320w, https:\/\/lucimartinez.com\/wp-content\/uploads\/2026\/04\/cover_azulcielo.jpeg 350w\" sizes=\"(max-width: 541px) 100vw, 541px\" \/><\/p>\n<p><!-- \/wp:heading --><!-- wp:heading {\"textAlign\":\"center\",\"level\":1,\"align\":\"center\"} --><\/p>\n<h1 class=\"wp-block-heading has-text-align-center\" style=\"text-align: center;\"><span style=\"color: #99cc00;\"><strong>BERLINER PROJEKT AZULCIELO<\/strong><\/span><\/h1>\n<p><!-- \/wp:heading --><!-- wp:html --><\/p>\n<div class=\"text-content style_External_532_302\">\n<div class=\"style\">\n<p class=\"paragraph_style_2\">Azulcielo is a project born in 2009 in Berlin as a happy result of the work of Master that Lucia submitted to the University of the Arts, led by musicians like John Hollenbeck and David Friedman, and earned the distinction Summa Cum Laude.<\/p>\n<p class=\"paragraph_style_2\">Azulcielo interprets a completely original repertoire, which are developed based compositions often musical in Spanish tradition and culture, but with the idea that contemporary youth and experience bring.<\/p>\n<p class=\"paragraph_style_2\">Framed within the field of jazz, takes a step toward enriching chamber music, incorporating her improvisation. His curious instrumentation will provide a unique sound between \u00abpopular\u00bb and \u00abcontemporary\u00bb also emphasized by the freshness, personality and technical level that youth of all components contributing to this new and promising German-Spanish project.<\/p>\n<p>Ludwig Hornung: piano<br \/>Viktor Wolf: clarinet and tenor sax<br \/>Silke Lange: accordion<br \/>Marc Muellbauer: double bass<br \/>Lucia Martinez: drums, vibraphon and composition<\/p>\n<\/div>\n<\/div>\n<p><!-- \/wp:html --><\/p>\t\t\t\t\t\t\t\t<\/div>\n\t\t\t\t\t<\/div>\n\t\t\t\t<\/div>\n\t\t\t\t<\/div>\n\t\t","protected":false},"excerpt":{"rendered":"<p>DESALAMBRADO Luc\u00eda Mart\u00ednez\u00a0 y Agust\u00ed Fern\u00e1ndez con alma y sin temblor en el paisaje musical de la improvisaci\u00f3n DESALAMBRADO nace una ma\u00f1ana fr\u00eda pero soleada en febrero de 2014 en Infinity EStudios de Madrid de la mano y los pies de Luc\u00eda Mart\u00ednez en la bater\u00eda y la percusi\u00f3n y Agust\u00ed Fern\u00e1ndez en el piano &hellip; <\/p>\n<p class=\"link-more\"><a href=\"https:\/\/lucimartinez.com\/index.php\/projects\/\" class=\"more-link\">Continuar leyendo<span class=\"screen-reader-text\"> \u00abProjects\u00bb<\/span><\/a><\/p>\n","protected":false},"author":2,"featured_media":0,"parent":0,"menu_order":0,"comment_status":"closed","ping_status":"closed","template":"","meta":{"_themeisle_gutenberg_block_has_review":false,"footnotes":""},"class_list":["post-401","page","type-page","status-publish","hentry"],"_links":{"self":[{"href":"https:\/\/lucimartinez.com\/index.php\/wp-json\/wp\/v2\/pages\/401","targetHints":{"allow":["GET"]}}],"collection":[{"href":"https:\/\/lucimartinez.com\/index.php\/wp-json\/wp\/v2\/pages"}],"about":[{"href":"https:\/\/lucimartinez.com\/index.php\/wp-json\/wp\/v2\/types\/page"}],"author":[{"embeddable":true,"href":"https:\/\/lucimartinez.com\/index.php\/wp-json\/wp\/v2\/users\/2"}],"replies":[{"embeddable":true,"href":"https:\/\/lucimartinez.com\/index.php\/wp-json\/wp\/v2\/comments?post=401"}],"version-history":[{"count":58,"href":"https:\/\/lucimartinez.com\/index.php\/wp-json\/wp\/v2\/pages\/401\/revisions"}],"predecessor-version":[{"id":8125,"href":"https:\/\/lucimartinez.com\/index.php\/wp-json\/wp\/v2\/pages\/401\/revisions\/8125"}],"wp:attachment":[{"href":"https:\/\/lucimartinez.com\/index.php\/wp-json\/wp\/v2\/media?parent=401"}],"curies":[{"name":"wp","href":"https:\/\/api.w.org\/{rel}","templated":true}]}}